{"id":42,"date":"2025-06-17T11:02:00","date_gmt":"2025-06-17T09:02:00","guid":{"rendered":"http:\/\/follabeilles.fr\/?page_id=42"},"modified":"2025-07-30T17:54:41","modified_gmt":"2025-07-30T15:54:41","slug":"logements-insolites","status":"publish","type":"page","link":"https:\/\/www.follabeilles.fr\/index.php\/logements-insolites\/","title":{"rendered":"logements insolites"},"content":{"rendered":"\n<figure class=\"wp-block-image alignwide size-large\"><img loading=\"lazy\" decoding=\"async\" width=\"1024\" height=\"576\" src=\"http:\/\/follabe.cluster021.hosting.ovh.net\/wp-content\/uploads\/2025\/07\/site-follabeille-vue-01-1024x576.jpg\" alt=\"\" class=\"wp-image-195\" srcset=\"https:\/\/www.follabeilles.fr\/wp-content\/uploads\/2025\/07\/site-follabeille-vue-01-1024x576.jpg 1024w, https:\/\/www.follabeilles.fr\/wp-content\/uploads\/2025\/07\/site-follabeille-vue-01-300x169.jpg 300w, https:\/\/www.follabeilles.fr\/wp-content\/uploads\/2025\/07\/site-follabeille-vue-01.jpg 2000w\" sizes=\"auto, (max-width: 1024px) 100vw, 1024px\" \/><\/figure>\n\n\n\n<figure class=\"wp-block-image alignwide size-large\"><img loading=\"lazy\" decoding=\"async\" width=\"1024\" height=\"576\" src=\"http:\/\/follabe.cluster021.hosting.ovh.net\/wp-content\/uploads\/2025\/07\/site-follabeille-vue-02-1024x576.jpg\" alt=\"\" class=\"wp-image-194\" srcset=\"https:\/\/www.follabeilles.fr\/wp-content\/uploads\/2025\/07\/site-follabeille-vue-02-1024x576.jpg 1024w, https:\/\/www.follabeilles.fr\/wp-content\/uploads\/2025\/07\/site-follabeille-vue-02-300x169.jpg 300w, https:\/\/www.follabeilles.fr\/wp-content\/uploads\/2025\/07\/site-follabeille-vue-02.jpg 2000w\" sizes=\"auto, (max-width: 1024px) 100vw, 1024px\" \/><\/figure>\n\n\n\n<p class=\"has-text-align-center\">Depuis deux ans nous avons eu envie de partager ce bout de paradis et notre mode de vie. De nos r\u00eaves de voyages sont n\u00e9s ces h\u00e9bergements insolites, une cabane dans les arbres, un chalet dans le pr\u00e9, une caravane, au plus pr\u00e9s de la nature.\u00a0<br>Un petit dernier verra bient\u00f4t le jour &#8230; un tipi ? Mais chut, ,c&rsquo;est un secret !<\/p>\n\n\n\n<h1 class=\"wp-block-heading has-text-align-center\">Nous nous ferons un plaisir de vous&nbsp;accueillir dans notre petit \u00e9crin de&nbsp;nature, autonome en&nbsp;eau et&nbsp;en&nbsp;\u00e9lectricit\u00e9.<\/h1>\n\n\n\n<div style=\"height:60px\" aria-hidden=\"true\" class=\"wp-block-spacer\"><\/div>\n\n\n\n<hr class=\"wp-block-separator has-alpha-channel-opacity is-style-dots\"\/>\n\n\n\n<h2 class=\"wp-block-heading has-text-align-center\">La Cabane perch\u00e9e 2 personnes<\/h2>\n\n\n\n<h5 class=\"wp-block-heading has-text-align-center\">Saint-Andr\u00e9-de-Valborgne, Parc national des C\u00e9vennes, France<\/h5>\n\n\n\n<div class=\"wp-block-cover\"><img loading=\"lazy\" decoding=\"async\" width=\"1024\" height=\"767\" class=\"wp-block-cover__image-background wp-image-114 size-large\" alt=\"\" src=\"http:\/\/follabe.cluster021.hosting.ovh.net\/wp-content\/uploads\/2025\/06\/Capture-decran-2025-06-11-a-15.18.55-copie-1024x767.jpg\" data-object-fit=\"cover\" srcset=\"https:\/\/www.follabeilles.fr\/wp-content\/uploads\/2025\/06\/Capture-decran-2025-06-11-a-15.18.55-copie-1024x767.jpg 1024w, https:\/\/www.follabeilles.fr\/wp-content\/uploads\/2025\/06\/Capture-decran-2025-06-11-a-15.18.55-copie-300x225.jpg 300w, https:\/\/www.follabeilles.fr\/wp-content\/uploads\/2025\/06\/Capture-decran-2025-06-11-a-15.18.55-copie-2000x1498.jpg 2000w\" sizes=\"auto, (max-width: 1024px) 100vw, 1024px\" \/><span aria-hidden=\"true\" class=\"wp-block-cover__background has-background-dim-0 has-background-dim\"><\/span><div class=\"wp-block-cover__inner-container has-global-padding is-layout-constrained wp-block-cover-is-layout-constrained\">\n<p class=\"has-text-align-center has-large-font-size\"><\/p>\n<\/div><\/div>\n\n\n\n<div class=\"wp-block-columns is-layout-flex wp-container-core-columns-is-layout-28f84493 wp-block-columns-is-layout-flex\">\n<div class=\"wp-block-column is-layout-flow wp-block-column-is-layout-flow\">\n<p>Avec la cabane dans les arbres, perch\u00e9e sur un ch\u00e2taignier, venez vivre une exp\u00e9rience unique dans un environnement atypique. Nous avons d\u00e9velopp\u00e9, au gr\u00e9 des saisons, un savoir-vivre naturel : toilettes s\u00e8ches, douche en ext\u00e9rieur sur votre terrasse, lumi\u00e8re naturelle et \u00e9clairage sur batteries recharg\u00e9es gr\u00e2ce \u00e0 l&rsquo;\u00e9nergie solaire.<br>La cabane est aliment\u00e9e en eau par une source.<\/p>\n\n\n\n<p>N&rsquo;h\u00e9sitez pas \u00e0 nous contacter pour toute pr\u00e9cision d&rsquo;information ou demande particuli\u00e8re.<\/p>\n\n\n\n<p><em>\u00b7 2 voyageurs \u00b7 1 canap\u00e9 lit <\/em><\/p>\n\n\n\n<h4 class=\"wp-block-heading\"><em>\u2014 <\/em>LES TARIFS<\/h4>\n\n\n\n<p>65,00&nbsp;\u20ac par nuit \/\/\/ minimum 2 nuits<\/p>\n\n\n\n<p><\/p>\n\n\n\n<p><\/p>\n\n\n\n<div class=\"wp-block-buttons is-layout-flex wp-block-buttons-is-layout-flex\">\n<div class=\"wp-block-button is-style-outline is-style-outline--1\"><a class=\"wp-block-button__link has-x-small-font-size has-custom-font-size wp-element-button\" href=\"mailto:clairefollaquier@gmail.com\" style=\"border-width:2px;border-radius:15px\" target=\"_blank\" rel=\"noreferrer noopener\">nous contacter pour r\u00e9server : clairefollaquier@gmail.com<\/a><\/div>\n<\/div>\n\n\n\n<div class=\"wp-block-buttons is-layout-flex wp-block-buttons-is-layout-flex\">\n<div class=\"wp-block-button is-style-outline is-style-outline--2\"><a class=\"wp-block-button__link has-x-small-font-size has-custom-font-size wp-element-button\" href=\"https:\/\/www.airbnb.fr\/rooms\/1177494828770341119?viralityEntryPoint=1&amp;s=76\" style=\"border-width:2px;border-radius:15px\" target=\"_blank\" rel=\"noreferrer noopener\">r\u00e9server via airbnb<\/a><\/div>\n<\/div>\n<\/div>\n\n\n\n<div class=\"wp-block-column is-layout-flow wp-block-column-is-layout-flow\">\n<figure class=\"wp-block-gallery has-nested-images columns-2 is-cropped wp-block-gallery-3 is-layout-flex wp-block-gallery-is-layout-flex\">\n<figure class=\"wp-block-image size-large\"><img loading=\"lazy\" decoding=\"async\" width=\"767\" height=\"1024\" data-id=\"115\" src=\"http:\/\/follabe.cluster021.hosting.ovh.net\/wp-content\/uploads\/2025\/06\/Capture-decran-2025-06-11-a-15.19.01-copie-767x1024.jpg\" alt=\"\" class=\"wp-image-115\" srcset=\"https:\/\/www.follabeilles.fr\/wp-content\/uploads\/2025\/06\/Capture-decran-2025-06-11-a-15.19.01-copie-767x1024.jpg 767w, https:\/\/www.follabeilles.fr\/wp-content\/uploads\/2025\/06\/Capture-decran-2025-06-11-a-15.19.01-copie-225x300.jpg 225w, https:\/\/www.follabeilles.fr\/wp-content\/uploads\/2025\/06\/Capture-decran-2025-06-11-a-15.19.01-copie.jpg 1326w\" sizes=\"auto, (max-width: 767px) 100vw, 767px\" \/><\/figure>\n\n\n\n<figure class=\"wp-block-image size-large\"><img loading=\"lazy\" decoding=\"async\" width=\"1024\" height=\"766\" data-id=\"116\" src=\"http:\/\/follabe.cluster021.hosting.ovh.net\/wp-content\/uploads\/2025\/06\/Capture-decran-2025-06-11-a-15.19.08-copie-1024x766.jpg\" alt=\"\" class=\"wp-image-116\" srcset=\"https:\/\/www.follabeilles.fr\/wp-content\/uploads\/2025\/06\/Capture-decran-2025-06-11-a-15.19.08-copie-1024x766.jpg 1024w, https:\/\/www.follabeilles.fr\/wp-content\/uploads\/2025\/06\/Capture-decran-2025-06-11-a-15.19.08-copie-300x225.jpg 300w, https:\/\/www.follabeilles.fr\/wp-content\/uploads\/2025\/06\/Capture-decran-2025-06-11-a-15.19.08-copie-2000x1497.jpg 2000w\" sizes=\"auto, (max-width: 1024px) 100vw, 1024px\" \/><\/figure>\n\n\n\n<figure class=\"wp-block-image size-large\"><img loading=\"lazy\" decoding=\"async\" width=\"1024\" height=\"763\" data-id=\"117\" src=\"http:\/\/follabe.cluster021.hosting.ovh.net\/wp-content\/uploads\/2025\/06\/Capture-decran-2025-06-11-a-15.19.21-copie-1024x763.jpg\" alt=\"\" class=\"wp-image-117\" srcset=\"https:\/\/www.follabeilles.fr\/wp-content\/uploads\/2025\/06\/Capture-decran-2025-06-11-a-15.19.21-copie-1024x763.jpg 1024w, https:\/\/www.follabeilles.fr\/wp-content\/uploads\/2025\/06\/Capture-decran-2025-06-11-a-15.19.21-copie-300x223.jpg 300w, https:\/\/www.follabeilles.fr\/wp-content\/uploads\/2025\/06\/Capture-decran-2025-06-11-a-15.19.21-copie-2000x1489.jpg 2000w\" sizes=\"auto, (max-width: 1024px) 100vw, 1024px\" \/><\/figure>\n\n\n\n<figure class=\"wp-block-image size-large\"><img loading=\"lazy\" decoding=\"async\" width=\"1024\" height=\"765\" data-id=\"118\" src=\"http:\/\/follabe.cluster021.hosting.ovh.net\/wp-content\/uploads\/2025\/06\/Capture-decran-2025-06-11-a-15.19.31-copie-1024x765.jpg\" alt=\"\" class=\"wp-image-118\" srcset=\"https:\/\/www.follabeilles.fr\/wp-content\/uploads\/2025\/06\/Capture-decran-2025-06-11-a-15.19.31-copie-1024x765.jpg 1024w, https:\/\/www.follabeilles.fr\/wp-content\/uploads\/2025\/06\/Capture-decran-2025-06-11-a-15.19.31-copie-300x224.jpg 300w, https:\/\/www.follabeilles.fr\/wp-content\/uploads\/2025\/06\/Capture-decran-2025-06-11-a-15.19.31-copie-2000x1495.jpg 2000w\" sizes=\"auto, (max-width: 1024px) 100vw, 1024px\" \/><\/figure>\n\n\n\n<figure class=\"wp-block-image size-large\"><img loading=\"lazy\" decoding=\"async\" width=\"1024\" height=\"767\" data-id=\"119\" src=\"http:\/\/follabe.cluster021.hosting.ovh.net\/wp-content\/uploads\/2025\/06\/Capture-decran-2025-06-11-a-15.19.40-copie-1024x767.jpg\" alt=\"\" class=\"wp-image-119\" srcset=\"https:\/\/www.follabeilles.fr\/wp-content\/uploads\/2025\/06\/Capture-decran-2025-06-11-a-15.19.40-copie-1024x767.jpg 1024w, https:\/\/www.follabeilles.fr\/wp-content\/uploads\/2025\/06\/Capture-decran-2025-06-11-a-15.19.40-copie-300x225.jpg 300w, https:\/\/www.follabeilles.fr\/wp-content\/uploads\/2025\/06\/Capture-decran-2025-06-11-a-15.19.40-copie-2000x1499.jpg 2000w\" sizes=\"auto, (max-width: 1024px) 100vw, 1024px\" \/><\/figure>\n\n\n\n<figure class=\"wp-block-image size-large\"><img loading=\"lazy\" decoding=\"async\" width=\"1024\" height=\"766\" data-id=\"120\" src=\"http:\/\/follabe.cluster021.hosting.ovh.net\/wp-content\/uploads\/2025\/06\/Capture-decran-2025-06-11-a-15.19.46-copie-1024x766.jpg\" alt=\"\" class=\"wp-image-120\" srcset=\"https:\/\/www.follabeilles.fr\/wp-content\/uploads\/2025\/06\/Capture-decran-2025-06-11-a-15.19.46-copie-1024x766.jpg 1024w, https:\/\/www.follabeilles.fr\/wp-content\/uploads\/2025\/06\/Capture-decran-2025-06-11-a-15.19.46-copie-300x225.jpg 300w, https:\/\/www.follabeilles.fr\/wp-content\/uploads\/2025\/06\/Capture-decran-2025-06-11-a-15.19.46-copie-2000x1497.jpg 2000w\" sizes=\"auto, (max-width: 1024px) 100vw, 1024px\" \/><\/figure>\n<\/figure>\n<\/div>\n<\/div>\n\n\n\n<p><\/p>\n\n\n\n<div style=\"height:94px\" aria-hidden=\"true\" class=\"wp-block-spacer\"><\/div>\n\n\n\n<hr class=\"wp-block-separator has-alpha-channel-opacity is-style-dots\"\/>\n\n\n\n<h2 class=\"wp-block-heading has-text-align-center\">Le Chalet dans le pr\u00e9 \u2022 2 \u00e0 4 personnes<\/h2>\n\n\n\n<h5 class=\"wp-block-heading has-text-align-center\">Saint-Andr\u00e9-de-Valborgne, Parc national des C\u00e9vennes, France<\/h5>\n\n\n\n<div class=\"wp-block-cover\"><img loading=\"lazy\" decoding=\"async\" width=\"1024\" height=\"766\" class=\"wp-block-cover__image-background wp-image-135 size-large\" alt=\"\" src=\"http:\/\/follabe.cluster021.hosting.ovh.net\/wp-content\/uploads\/2025\/06\/Capture-decran-2025-06-11-a-15.21.06-copie-1024x766.jpg\" data-object-fit=\"cover\" srcset=\"https:\/\/www.follabeilles.fr\/wp-content\/uploads\/2025\/06\/Capture-decran-2025-06-11-a-15.21.06-copie-1024x766.jpg 1024w, https:\/\/www.follabeilles.fr\/wp-content\/uploads\/2025\/06\/Capture-decran-2025-06-11-a-15.21.06-copie-300x225.jpg 300w, https:\/\/www.follabeilles.fr\/wp-content\/uploads\/2025\/06\/Capture-decran-2025-06-11-a-15.21.06-copie-2000x1497.jpg 2000w\" sizes=\"auto, (max-width: 1024px) 100vw, 1024px\" \/><span aria-hidden=\"true\" class=\"wp-block-cover__background has-background-dim-0 has-background-dim\"><\/span><div class=\"wp-block-cover__inner-container has-global-padding is-layout-constrained wp-block-cover-is-layout-constrained\">\n<p class=\"has-text-align-center has-large-font-size\"><\/p>\n<\/div><\/div>\n\n\n\n<div class=\"wp-block-columns is-layout-flex wp-container-core-columns-is-layout-28f84493 wp-block-columns-is-layout-flex\">\n<div class=\"wp-block-column is-layout-flow wp-block-column-is-layout-flow\">\n<p>Avec le chalet dans le pr\u00e9, venez vous reposer dans cet \u00e9crin de verdure, pratiquer de la randonn\u00e9e sur les nombreux chemins \u00e0 proximit\u00e9, ou profiter \u00e0 st Andr\u00e9 de Valborgne des points de baignade que vous offre le Gardon.<\/p>\n\n\n\n<p>Ayant \u00e0 c\u0153ur d&rsquo;avoir le plus faible impact possible sur l&rsquo;environnement, le chalet est autonome en eau et en \u00e9lectricit\u00e9. Nous partagerons avec vous notre d\u00e9marche de sobri\u00e9t\u00e9 \u00e9nerg\u00e9tique.<\/p>\n\n\n\n<p>N&rsquo;h\u00e9sitez pas \u00e0 me contacter pour toute pr\u00e9cision d&rsquo;information ou demande particuli\u00e8re.<\/p>\n\n\n\n<p><em>\u00b7 4 voyageurs \u00b7 1 chambre, 2 places \u00b7 1 canap\u00e9 lit <em>\u00b7 1<\/em> salle de bain<\/em><\/p>\n\n\n\n<p><\/p>\n\n\n\n<h4 class=\"wp-block-heading\"><em>\u2014 <\/em>LES TARIFS<\/h4>\n\n\n\n<p>65,00&nbsp;\u20ac par nuit \/\/\/ minimum 6 nuits<\/p>\n\n\n\n<p><\/p>\n\n\n\n<p><\/p>\n\n\n\n<div class=\"wp-block-buttons is-layout-flex wp-block-buttons-is-layout-flex\">\n<div class=\"wp-block-button is-style-outline is-style-outline--4\"><a class=\"wp-block-button__link has-x-small-font-size has-custom-font-size wp-element-button\" href=\"mailto:clairefollaquier@gmail.com\" style=\"border-width:2px;border-radius:15px\">nous contacter pour r\u00e9server : clairefollaquier@gmail.com<\/a><\/div>\n<\/div>\n\n\n\n<div class=\"wp-block-buttons is-layout-flex wp-block-buttons-is-layout-flex\">\n<div class=\"wp-block-button is-style-outline is-style-outline--5\"><a class=\"wp-block-button__link has-x-small-font-size has-custom-font-size wp-element-button\" href=\"https:\/\/www.airbnb.fr\/rooms\/1426680880917303903?viralityEntryPoint=1&amp;s=76\" style=\"border-width:2px;border-radius:15px\" target=\"_blank\" rel=\"noreferrer noopener\">r\u00e9server via airbnb<\/a><\/div>\n<\/div>\n<\/div>\n\n\n\n<div class=\"wp-block-column is-layout-flow wp-block-column-is-layout-flow\">\n<figure class=\"wp-block-gallery has-nested-images columns-default is-cropped wp-block-gallery-6 is-layout-flex wp-block-gallery-is-layout-flex\">\n<figure class=\"wp-block-image size-large\"><img loading=\"lazy\" decoding=\"async\" width=\"765\" height=\"1024\" data-id=\"134\" src=\"http:\/\/follabe.cluster021.hosting.ovh.net\/wp-content\/uploads\/2025\/06\/Capture-decran-2025-06-11-a-15.20.59-copie-765x1024.jpg\" alt=\"\" class=\"wp-image-134\" srcset=\"https:\/\/www.follabeilles.fr\/wp-content\/uploads\/2025\/06\/Capture-decran-2025-06-11-a-15.20.59-copie-765x1024.jpg 765w, https:\/\/www.follabeilles.fr\/wp-content\/uploads\/2025\/06\/Capture-decran-2025-06-11-a-15.20.59-copie-224x300.jpg 224w, https:\/\/www.follabeilles.fr\/wp-content\/uploads\/2025\/06\/Capture-decran-2025-06-11-a-15.20.59-copie.jpg 1326w\" sizes=\"auto, (max-width: 765px) 100vw, 765px\" \/><\/figure>\n\n\n\n<figure class=\"wp-block-image size-large\"><img loading=\"lazy\" decoding=\"async\" width=\"767\" height=\"1024\" data-id=\"133\" src=\"http:\/\/follabe.cluster021.hosting.ovh.net\/wp-content\/uploads\/2025\/06\/Capture-decran-2025-06-11-a-15.20.52-copie-767x1024.jpg\" alt=\"\" class=\"wp-image-133\" srcset=\"https:\/\/www.follabeilles.fr\/wp-content\/uploads\/2025\/06\/Capture-decran-2025-06-11-a-15.20.52-copie-767x1024.jpg 767w, https:\/\/www.follabeilles.fr\/wp-content\/uploads\/2025\/06\/Capture-decran-2025-06-11-a-15.20.52-copie-225x300.jpg 225w, https:\/\/www.follabeilles.fr\/wp-content\/uploads\/2025\/06\/Capture-decran-2025-06-11-a-15.20.52-copie.jpg 1326w\" sizes=\"auto, (max-width: 767px) 100vw, 767px\" \/><\/figure>\n\n\n\n<figure class=\"wp-block-image size-large\"><img loading=\"lazy\" decoding=\"async\" width=\"1024\" height=\"768\" data-id=\"132\" src=\"http:\/\/follabe.cluster021.hosting.ovh.net\/wp-content\/uploads\/2025\/06\/Capture-decran-2025-06-11-a-15.20.44-copie-1024x768.jpg\" alt=\"\" class=\"wp-image-132\" srcset=\"https:\/\/www.follabeilles.fr\/wp-content\/uploads\/2025\/06\/Capture-decran-2025-06-11-a-15.20.44-copie-1024x768.jpg 1024w, https:\/\/www.follabeilles.fr\/wp-content\/uploads\/2025\/06\/Capture-decran-2025-06-11-a-15.20.44-copie-300x225.jpg 300w, https:\/\/www.follabeilles.fr\/wp-content\/uploads\/2025\/06\/Capture-decran-2025-06-11-a-15.20.44-copie-2000x1501.jpg 2000w\" sizes=\"auto, (max-width: 1024px) 100vw, 1024px\" \/><\/figure>\n\n\n\n<figure class=\"wp-block-image size-large\"><img loading=\"lazy\" decoding=\"async\" width=\"1024\" height=\"766\" data-id=\"131\" src=\"http:\/\/follabe.cluster021.hosting.ovh.net\/wp-content\/uploads\/2025\/06\/Capture-decran-2025-06-11-a-15.20.38-copie-1024x766.jpg\" alt=\"\" class=\"wp-image-131\" srcset=\"https:\/\/www.follabeilles.fr\/wp-content\/uploads\/2025\/06\/Capture-decran-2025-06-11-a-15.20.38-copie-1024x766.jpg 1024w, https:\/\/www.follabeilles.fr\/wp-content\/uploads\/2025\/06\/Capture-decran-2025-06-11-a-15.20.38-copie-300x225.jpg 300w, https:\/\/www.follabeilles.fr\/wp-content\/uploads\/2025\/06\/Capture-decran-2025-06-11-a-15.20.38-copie-2000x1497.jpg 2000w\" sizes=\"auto, (max-width: 1024px) 100vw, 1024px\" \/><\/figure>\n\n\n\n<figure class=\"wp-block-image size-large\"><img loading=\"lazy\" decoding=\"async\" width=\"764\" height=\"1024\" data-id=\"130\" src=\"http:\/\/follabe.cluster021.hosting.ovh.net\/wp-content\/uploads\/2025\/06\/Capture-decran-2025-06-11-a-15.20.31-copie-764x1024.jpg\" alt=\"\" class=\"wp-image-130\" srcset=\"https:\/\/www.follabeilles.fr\/wp-content\/uploads\/2025\/06\/Capture-decran-2025-06-11-a-15.20.31-copie-764x1024.jpg 764w, https:\/\/www.follabeilles.fr\/wp-content\/uploads\/2025\/06\/Capture-decran-2025-06-11-a-15.20.31-copie-224x300.jpg 224w, https:\/\/www.follabeilles.fr\/wp-content\/uploads\/2025\/06\/Capture-decran-2025-06-11-a-15.20.31-copie.jpg 1323w\" sizes=\"auto, (max-width: 764px) 100vw, 764px\" \/><\/figure>\n\n\n\n<figure class=\"wp-block-image size-large\"><img loading=\"lazy\" decoding=\"async\" width=\"1024\" height=\"767\" data-id=\"129\" src=\"http:\/\/follabe.cluster021.hosting.ovh.net\/wp-content\/uploads\/2025\/06\/Capture-decran-2025-06-11-a-15.20.20-copie-1024x767.jpg\" alt=\"\" class=\"wp-image-129\" srcset=\"https:\/\/www.follabeilles.fr\/wp-content\/uploads\/2025\/06\/Capture-decran-2025-06-11-a-15.20.20-copie-1024x767.jpg 1024w, https:\/\/www.follabeilles.fr\/wp-content\/uploads\/2025\/06\/Capture-decran-2025-06-11-a-15.20.20-copie-300x225.jpg 300w, https:\/\/www.follabeilles.fr\/wp-content\/uploads\/2025\/06\/Capture-decran-2025-06-11-a-15.20.20-copie-2000x1498.jpg 2000w\" sizes=\"auto, (max-width: 1024px) 100vw, 1024px\" \/><\/figure>\n\n\n\n<figure class=\"wp-block-image size-large\"><img loading=\"lazy\" decoding=\"async\" width=\"1024\" height=\"766\" data-id=\"128\" src=\"http:\/\/follabe.cluster021.hosting.ovh.net\/wp-content\/uploads\/2025\/06\/Capture-decran-2025-06-11-a-15.20.15-copie-1024x766.jpg\" alt=\"\" class=\"wp-image-128\" srcset=\"https:\/\/www.follabeilles.fr\/wp-content\/uploads\/2025\/06\/Capture-decran-2025-06-11-a-15.20.15-copie-1024x766.jpg 1024w, https:\/\/www.follabeilles.fr\/wp-content\/uploads\/2025\/06\/Capture-decran-2025-06-11-a-15.20.15-copie-300x224.jpg 300w, https:\/\/www.follabeilles.fr\/wp-content\/uploads\/2025\/06\/Capture-decran-2025-06-11-a-15.20.15-copie-2000x1495.jpg 2000w\" sizes=\"auto, (max-width: 1024px) 100vw, 1024px\" \/><\/figure>\n<\/figure>\n<\/div>\n<\/div>\n\n\n\n<div style=\"height:296px\" aria-hidden=\"true\" class=\"wp-block-spacer\"><\/div>\n\n\n\n<p><\/p>\n\n\n\n<div class=\"wp-block-cover alignfull\"><img loading=\"lazy\" decoding=\"async\" width=\"1024\" height=\"683\" class=\"wp-block-cover__image-background wp-image-37 size-large\" alt=\"\" src=\"http:\/\/follabe.cluster021.hosting.ovh.net\/wp-content\/uploads\/2025\/06\/fond-cevennes-01-1024x683.jpg\" data-object-fit=\"cover\" srcset=\"https:\/\/www.follabeilles.fr\/wp-content\/uploads\/2025\/06\/fond-cevennes-01-1024x683.jpg 1024w, https:\/\/www.follabeilles.fr\/wp-content\/uploads\/2025\/06\/fond-cevennes-01-300x200.jpg 300w, https:\/\/www.follabeilles.fr\/wp-content\/uploads\/2025\/06\/fond-cevennes-01-2000x1334.jpg 2000w, https:\/\/www.follabeilles.fr\/wp-content\/uploads\/2025\/06\/fond-cevennes-01.jpg 2048w\" sizes=\"auto, (max-width: 1024px) 100vw, 1024px\" \/><span aria-hidden=\"true\" class=\"wp-block-cover__background has-background-dim-0 has-background-dim\"><\/span><div class=\"wp-block-cover__inner-container has-global-padding is-layout-constrained wp-block-cover-is-layout-constrained\">\n<p class=\"has-text-align-center has-large-font-size\"><\/p>\n<\/div><\/div>\n","protected":false},"excerpt":{"rendered":"<p>Depuis deux ans nous avons eu envie de partager ce bout de paradis et notre mode de vie. De nos r\u00eaves de voyages sont n\u00e9s ces h\u00e9bergements insolites, une cabane dans les arbres, un chalet dans le pr\u00e9, une caravane, au plus pr\u00e9s de la nature.\u00a0Un petit dernier verra bient\u00f4t le jour &#8230; un tipi &hellip; <\/p>\n<p class=\"link-more\"><a href=\"https:\/\/www.follabeilles.fr\/index.php\/logements-insolites\/\" class=\"more-link\">Lire la suite de<span class=\"screen-reader-text\">\u00ab\u00a0logements insolites\u00a0\u00bb<\/span><\/a><\/p>\n","protected":false},"author":1,"featured_media":0,"parent":0,"menu_order":0,"comment_status":"closed","ping_status":"closed","template":"page-templates\/no-title.php","meta":{"footnotes":""},"class_list":["post-42","page","type-page","status-publish","hentry"],"_links":{"self":[{"href":"https:\/\/www.follabeilles.fr\/index.php\/wp-json\/wp\/v2\/pages\/42","targetHints":{"allow":["GET"]}}],"collection":[{"href":"https:\/\/www.follabeilles.fr\/index.php\/wp-json\/wp\/v2\/pages"}],"about":[{"href":"https:\/\/www.follabeilles.fr\/index.php\/wp-json\/wp\/v2\/types\/page"}],"author":[{"embeddable":true,"href":"https:\/\/www.follabeilles.fr\/index.php\/wp-json\/wp\/v2\/users\/1"}],"replies":[{"embeddable":true,"href":"https:\/\/www.follabeilles.fr\/index.php\/wp-json\/wp\/v2\/comments?post=42"}],"version-history":[{"count":29,"href":"https:\/\/www.follabeilles.fr\/index.php\/wp-json\/wp\/v2\/pages\/42\/revisions"}],"predecessor-version":[{"id":217,"href":"https:\/\/www.follabeilles.fr\/index.php\/wp-json\/wp\/v2\/pages\/42\/revisions\/217"}],"wp:attachment":[{"href":"https:\/\/www.follabeilles.fr\/index.php\/wp-json\/wp\/v2\/media?parent=42"}],"curies":[{"name":"wp","href":"https:\/\/api.w.org\/{rel}","templated":true}]}}